{"id":1585,"date":"2020-08-22T09:33:58","date_gmt":"2020-08-22T07:33:58","guid":{"rendered":"http:\/\/hlsmdox.cluster028.hosting.ovh.net\/?page_id=1585"},"modified":"2025-09-22T16:05:44","modified_gmt":"2025-09-22T14:05:44","slug":"nous-trouver","status":"publish","type":"page","link":"https:\/\/www.chorale-aideo.fr\/index.php\/nous-trouver\/","title":{"rendered":"Nous trouver"},"content":{"rendered":"\n<p>Nous r\u00e9p\u00e9tons tous les mardis de 20h \u00e0 22h dans la salle de Pratiques collectives du Conservatoire de musique \u00e0 Rayonnement Communal d&#8217;H\u00e9rouville Saint Clair.<\/p>\n\n\n\n<p><a href=\"https:\/\/www.google.fr\/maps\/place\/Conservatoire+de+musique\/@49.2035665,-0.3330653,17z\/data=!3m1!4b1!4m5!3m4!1s0x480a67e21e757c09:0x47cd751ae0e734e4!8m2!3d49.203563!4d-0.3308766\" target=\"_blank\" rel=\"noreferrer noopener\">CRC &#8211; Espaces Andr\u00e9-Malraux &#8211; 5, esplanade Rabelais &#8211; 14200 H\u00e9rouville Saint Clair<\/a><\/p>\n\n\n\n<figure class=\"wp-block-image size-large\"><img loading=\"lazy\" decoding=\"async\" width=\"462\" height=\"555\" src=\"http:\/\/hlsmdox.cluster028.hosting.ovh.net\/wp-content\/uploads\/2020\/08\/conservatoire-musique-HSC-plan-1.jpg\" alt=\"\" class=\"wp-image-1587\" srcset=\"https:\/\/www.chorale-aideo.fr\/wp-content\/uploads\/2020\/08\/conservatoire-musique-HSC-plan-1.jpg 462w, https:\/\/www.chorale-aideo.fr\/wp-content\/uploads\/2020\/08\/conservatoire-musique-HSC-plan-1-250x300.jpg 250w\" sizes=\"auto, (max-width: 462px) 100vw, 462px\" \/><\/figure>\n","protected":false},"excerpt":{"rendered":"<p>Nous r\u00e9p\u00e9tons tous les mardis de 20h \u00e0 22h dans la salle de Pratiques collectives du Conservatoire de musique \u00e0 Rayonnement Communal d&#8217;H\u00e9rouville Saint Clair. CRC &#8211; Espaces Andr\u00e9-Malraux &#8211; 5, esplanade Rabelais &#8211; 14200 H\u00e9rouville Saint Clair<\/p>\n","protected":false},"author":3,"featured_media":0,"parent":0,"menu_order":0,"comment_status":"closed","ping_status":"closed","template":"","meta":{"footnotes":""},"class_list":["post-1585","page","type-page","status-publish","hentry"],"_links":{"self":[{"href":"https:\/\/www.chorale-aideo.fr\/index.php\/wp-json\/wp\/v2\/pages\/1585","targetHints":{"allow":["GET"]}}],"collection":[{"href":"https:\/\/www.chorale-aideo.fr\/index.php\/wp-json\/wp\/v2\/pages"}],"about":[{"href":"https:\/\/www.chorale-aideo.fr\/index.php\/wp-json\/wp\/v2\/types\/page"}],"author":[{"embeddable":true,"href":"https:\/\/www.chorale-aideo.fr\/index.php\/wp-json\/wp\/v2\/users\/3"}],"replies":[{"embeddable":true,"href":"https:\/\/www.chorale-aideo.fr\/index.php\/wp-json\/wp\/v2\/comments?post=1585"}],"version-history":[{"count":4,"href":"https:\/\/www.chorale-aideo.fr\/index.php\/wp-json\/wp\/v2\/pages\/1585\/revisions"}],"predecessor-version":[{"id":4716,"href":"https:\/\/www.chorale-aideo.fr\/index.php\/wp-json\/wp\/v2\/pages\/1585\/revisions\/4716"}],"wp:attachment":[{"href":"https:\/\/www.chorale-aideo.fr\/index.php\/wp-json\/wp\/v2\/media?parent=1585"}],"curies":[{"name":"wp","href":"https:\/\/api.w.org\/{rel}","templated":true}]}}