{"id":83,"date":"2023-06-04T23:15:00","date_gmt":"2023-06-04T21:15:00","guid":{"rendered":"http:\/\/hlsmdox.cluster028.hosting.ovh.net\/?page_id=83"},"modified":"2025-09-22T16:04:53","modified_gmt":"2025-09-22T14:04:53","slug":"cartographie","status":"publish","type":"page","link":"https:\/\/www.chorale-aideo.fr\/index.php\/cartographie\/","title":{"rendered":"Cartographie d\u2019AIDEO"},"content":{"rendered":"\n<p class=\"has-black-color has-text-color\"><br>AIDEO est un groupe vocal de quelques dizaines de choristes amateurs r\u00e9unis autour du plaisir de chanter ensemble, dans un esprit de convivialit\u00e9, d\u2019\u00e9coute et de dynamisme. Il partage son plaisir avec le public lors de concerts , lors d\u2019\u00e9v\u00e9nements particuliers, institutionnels (pierres en lumi\u00e8re, f\u00eate de la musique par ex.) ou pas (concerts occasionnels, de solidarit\u00e9 ou r\u00e9mun\u00e9rateurs ).<br><\/p>\n\n\n\n<p class=\"has-black-color has-text-color\">Son r\u00e9pertoire, vari\u00e9, s\u2019\u00e9tend de la pr\u00e9histoire de la musique aux refrains de nos jours ; il est chant\u00e9 \u00e0 capella ou accompagn\u00e9, en fran\u00e7ais ou pas.<br>Sauf exception, il n\u2019y a pas de partitions sur sc\u00e8ne ! Quelques chor\u00e9graphies peuvent \u00eatre mises en place si elles apportent un plus \u00e0 l\u2019interpr\u00e9tation.<br>La gaiet\u00e9 est sa marque de fabrique, soulign\u00e9e par des costumes de couleurs harmonis\u00e9es.<br><\/p>\n\n\n\n<p class=\"has-black-color has-text-color\">Ses membres se r\u00e9partissent en quatre pupitres (sopranes, altos, t\u00e9nors et basses) dont le subtil \u00e9quilibre est assur\u00e9 par le chef de ch\u0153ur. Pour chanter avec AIDEO, il faut \u00eatre motiv\u00e9, venir tr\u00e8s r\u00e9guli\u00e8rement aux r\u00e9p\u00e9titions (chaque mardi soir de p\u00e9riode scolaire de 20h \u00e0 22h), s\u2019engager \u00e0 apprendre par c\u0153ur paroles et musique des chants ; des moyens techniques sont mis \u00e0 disposition des choristes pour faciliter l&#8217;apprentissage. Bien qu\u2019appr\u00e9ci\u00e9e, la connaissance des bases du solf\u00e8ge n\u2019est pas obligatoire.<br><\/p>\n\n\n\n<p class=\"has-black-color has-text-color\">Le r\u00e9pertoire et, plus largement, le projet artistique sont propos\u00e9s par le chef de ch\u0153ur, en accord avec les choristes via le conseil d\u2019administration de l\u2019association (AIDEO est en effet une association loi de 1901 cr\u00e9\u00e9e en 1987 sise \u00e0 H\u00e9rouville Saint Clair). Dans ce cadre peuvent s\u2019inscrire un \u00e9change avec d\u2019autres chorales ou un voyage de quelques jours, dans ou hors hexagone.<br><\/p>\n\n\n\n<p class=\"has-black-color has-text-color\">Outre la r\u00e9p\u00e9tition, des temps de regroupement permettent chaque ann\u00e9e aux choristes de mieux se conna\u00eetre et de partager des moments d\u2019\u00e9changes conviviaux, comme un stage annuel de perfectionnement (sur un week-end), des soir\u00e9es festives (deux par an) et toute occasion de partager le verre de l\u2019amiti\u00e9.<\/p>\n\n\n\n<p><\/p>\n","protected":false},"excerpt":{"rendered":"<p>AIDEO est un groupe vocal de quelques dizaines de choristes amateurs r\u00e9unis autour du plaisir de chanter ensemble, dans un esprit de convivialit\u00e9, d\u2019\u00e9coute et de dynamisme. Il partage son plaisir avec le public lors de concerts , lors d\u2019\u00e9v\u00e9nements [&hellip;]<\/p>\n","protected":false},"author":1,"featured_media":0,"parent":0,"menu_order":0,"comment_status":"closed","ping_status":"closed","template":"","meta":{"footnotes":""},"class_list":["post-83","page","type-page","status-publish","hentry"],"_links":{"self":[{"href":"https:\/\/www.chorale-aideo.fr\/index.php\/wp-json\/wp\/v2\/pages\/83","targetHints":{"allow":["GET"]}}],"collection":[{"href":"https:\/\/www.chorale-aideo.fr\/index.php\/wp-json\/wp\/v2\/pages"}],"about":[{"href":"https:\/\/www.chorale-aideo.fr\/index.php\/wp-json\/wp\/v2\/types\/page"}],"author":[{"embeddable":true,"href":"https:\/\/www.chorale-aideo.fr\/index.php\/wp-json\/wp\/v2\/users\/1"}],"replies":[{"embeddable":true,"href":"https:\/\/www.chorale-aideo.fr\/index.php\/wp-json\/wp\/v2\/comments?post=83"}],"version-history":[{"count":15,"href":"https:\/\/www.chorale-aideo.fr\/index.php\/wp-json\/wp\/v2\/pages\/83\/revisions"}],"predecessor-version":[{"id":4715,"href":"https:\/\/www.chorale-aideo.fr\/index.php\/wp-json\/wp\/v2\/pages\/83\/revisions\/4715"}],"wp:attachment":[{"href":"https:\/\/www.chorale-aideo.fr\/index.php\/wp-json\/wp\/v2\/media?parent=83"}],"curies":[{"name":"wp","href":"https:\/\/api.w.org\/{rel}","templated":true}]}}