{"id":85,"date":"2020-07-27T17:17:28","date_gmt":"2020-07-27T15:17:28","guid":{"rendered":"http:\/\/hlsmdox.cluster028.hosting.ovh.net\/?page_id=85"},"modified":"2023-02-06T23:06:27","modified_gmt":"2023-02-06T22:06:27","slug":"fiche-technique","status":"publish","type":"page","link":"https:\/\/www.chorale-aideo.fr\/index.php\/fiche-technique\/","title":{"rendered":"Nos besoins"},"content":{"rendered":"\n<p class=\"has-black-color has-text-color\">FICHE TECHNIQUE<\/p>\n\n\n\n<p class=\"has-black-color has-text-color\">Taille de la chorale : 4 m\u00e8tres de profondeur sur 5 m\u00e8tres de largeur + 3 m\u00e8tres de profondeur pour le chef<\/p>\n\n\n\n<p class=\"has-black-color has-text-color\">Piano en 2 sorties rouge et blanc : Prendre piano \/ pied \/ c\u00e2bles \/ p\u00e9dale \/ tabouret<\/p>\n\n\n\n<p class=\"has-black-color has-text-color\">Guitare en sortie jack : Prendre guitare \/ pied \/ capot \/ pile \/ c\u00e2ble<\/p>\n\n\n\n<p class=\"has-black-color has-text-color\">Micro (SM58) : Prendre micro \/ c\u00e2bles (sortie jack ou micro)<\/p>\n","protected":false},"excerpt":{"rendered":"<p>FICHE TECHNIQUE Taille de la chorale : 4 m\u00e8tres de profondeur sur 5 m\u00e8tres de largeur + 3 m\u00e8tres de profondeur pour le chef Piano en 2 sorties rouge et blanc : Prendre piano \/ pied \/ c\u00e2bles \/ p\u00e9dale [&hellip;]<\/p>\n","protected":false},"author":2,"featured_media":0,"parent":0,"menu_order":0,"comment_status":"closed","ping_status":"closed","template":"","meta":{"footnotes":""},"class_list":["post-85","page","type-page","status-publish","hentry"],"_links":{"self":[{"href":"https:\/\/www.chorale-aideo.fr\/index.php\/wp-json\/wp\/v2\/pages\/85","targetHints":{"allow":["GET"]}}],"collection":[{"href":"https:\/\/www.chorale-aideo.fr\/index.php\/wp-json\/wp\/v2\/pages"}],"about":[{"href":"https:\/\/www.chorale-aideo.fr\/index.php\/wp-json\/wp\/v2\/types\/page"}],"author":[{"embeddable":true,"href":"https:\/\/www.chorale-aideo.fr\/index.php\/wp-json\/wp\/v2\/users\/2"}],"replies":[{"embeddable":true,"href":"https:\/\/www.chorale-aideo.fr\/index.php\/wp-json\/wp\/v2\/comments?post=85"}],"version-history":[{"count":8,"href":"https:\/\/www.chorale-aideo.fr\/index.php\/wp-json\/wp\/v2\/pages\/85\/revisions"}],"predecessor-version":[{"id":3397,"href":"https:\/\/www.chorale-aideo.fr\/index.php\/wp-json\/wp\/v2\/pages\/85\/revisions\/3397"}],"wp:attachment":[{"href":"https:\/\/www.chorale-aideo.fr\/index.php\/wp-json\/wp\/v2\/media?parent=85"}],"curies":[{"name":"wp","href":"https:\/\/api.w.org\/{rel}","templated":true}]}}